{"id":1279,"date":"2015-09-03T06:16:01","date_gmt":"2015-09-03T06:16:01","guid":{"rendered":"http:\/\/www.viziteazatarguneamt.ro\/en\/cai-de-acces\/"},"modified":"2015-10-15T12:49:18","modified_gmt":"2015-10-15T09:49:18","slug":"traffic-routes","status":"publish","type":"page","link":"https:\/\/viziteazatarguneamt.ro\/en\/traffic-routes\/","title":{"rendered":"Traffic routes"},"content":{"rendered":"<p>[et_pb_section admin_label=&#8221;section&#8221; transparent_background=&#8221;off&#8221; allow_player_pause=&#8221;off&#8221; inner_shadow=&#8221;off&#8221; parallax=&#8221;off&#8221; parallax_method=&#8221;off&#8221; padding_mobile=&#8221;off&#8221; module_class=&#8221;default_title&#8221; make_fullwidth=&#8221;off&#8221; use_custom_width=&#8221;off&#8221; width_unit=&#8221;on&#8221; make_equal=&#8221;off&#8221; use_custom_gutter=&#8221;off&#8221;][et_pb_row admin_label=&#8221;row&#8221;][et_pb_column type=&#8221;4_4&#8243;][et_pb_text admin_label=&#8221;Text&#8221; background_layout=&#8221;light&#8221; text_orientation=&#8221;left&#8221; use_border_color=&#8221;off&#8221; border_color=&#8221;#ffffff&#8221; border_style=&#8221;solid&#8221;]<\/p>\n<h1>Traffic routes<\/h1>\n<p>[\/et_pb_text][\/et_pb_column][\/et_pb_row][\/et_pb_section][et_pb_section admin_label=&#8221;section&#8221; transparent_background=&#8221;off&#8221; allow_player_pause=&#8221;off&#8221; inner_shadow=&#8221;off&#8221; parallax=&#8221;off&#8221; parallax_method=&#8221;off&#8221; padding_mobile=&#8221;off&#8221; module_class=&#8221;default_section&#8221; make_fullwidth=&#8221;off&#8221; use_custom_width=&#8221;off&#8221; width_unit=&#8221;on&#8221; make_equal=&#8221;off&#8221; use_custom_gutter=&#8221;off&#8221;][et_pb_row admin_label=&#8221;row&#8221;][et_pb_column type=&#8221;1_3&#8243;][et_pb_text admin_label=&#8221;Text&#8221; background_layout=&#8221;light&#8221; text_orientation=&#8221;left&#8221; use_border_color=&#8221;off&#8221; border_color=&#8221;#ffffff&#8221; border_style=&#8221;solid&#8221;]<\/p>\n<div class=\"drop_open drop_open_x\" onclick=\"animatieOpenCaAgr(this)\">Railways<\/div>\n<div class=\"test\">T\u00eergu Neam\u021b city has a train station since 1986 and it is linked to a major railway junction, respectively Pa\u015fcani. This tap line connects with Bucharest, Suceava and the country&#8217;s northern border with Ukraine.<\/p>\n<p>Also, at a distance of about 45 km, there is the train station of Piatra Neam\u021b, which offers the following services: booking office \/ information services in national and international traffic &#8211; tel. <a class=\"telefond\" href=\"tel:+40734737486\">0734.737.486<\/a>; waiting room; Railway Transport Police Station, food \/ newspapers \/ magazines kiosks; mail office; fast food \/ restaurant; bar \/ caf\u00e9; bus station just outside the train station; water clossets; POS.\n<\/div>\n<p>[\/et_pb_text][\/et_pb_column][et_pb_column type=&#8221;1_3&#8243;][et_pb_text admin_label=&#8221;Text&#8221; background_layout=&#8221;light&#8221; text_orientation=&#8221;left&#8221; use_border_color=&#8221;off&#8221; border_color=&#8221;#ffffff&#8221; border_style=&#8221;solid&#8221;]<\/p>\n<div class=\"drop_open drop_open_x\" onclick=\"animatieOpenCaAgr(this)\">Roads<\/div>\n<div class=\"test\">T\u00eergu Neam\u021b city is located in the notheastern part of Neam\u021b County, at an intersection of national, county and communal roads, as follows:<\/p>\n<p>DN 15B (Poiana Teiului &#8211; T\u00eergu Neam\u021b &#8211; Timi\u0219e\u0219ti &#8211; Criste\u0219ti, Ia\u0219i) &#8211; linking cities Roman, Pa\u0219cani, Ia\u0219i &#8211; to Transilvania;<\/p>\n<p>DN 15 C Piatra Neam\u021b &#8211; T\u00eergu Neam\u021b &#8211; Vadul Moldovei &#8211; to Suceava;<\/p>\n<p>DJ 155 I T\u00eergu Neam\u021b &#8211; Tupila\u021bi; <\/p>\n<p>DC 7 T\u00eergu Neam\u021b &#8211; R\u0103uce\u0219ti &#8211; Ungheni;<\/p>\n<p>DC 171 T\u00eergu Neam\u021b &#8211; Oglinzi \u2013 R\u0103uce\u0219ti.<\/p>\n<p>T\u00eergu Neam\u021b city is at a distance of 45 km from Piatra Neam\u021b, 120 km from Ia\u015fi and 60 km from Suceava.\n<\/p><\/div>\n<p>[\/et_pb_text][\/et_pb_column][et_pb_column type=&#8221;1_3&#8243;][et_pb_text admin_label=&#8221;Text&#8221; background_layout=&#8221;light&#8221; text_orientation=&#8221;left&#8221; use_border_color=&#8221;off&#8221; border_color=&#8221;#ffffff&#8221; border_style=&#8221;solid&#8221;]<\/p>\n<div class=\"drop_open drop_open_x\" onclick=\"animatieOpenCaAgr(this)\">Airports<\/div>\n<div class=\"test\">The nearest airport is in Suceava (Salcea town), located at 65 km from T\u00eergu Neamt. There are regular flights from there to Bucharest and Timi\u015foara. Nearby there is also the Ia\u015fi International Airport (110 km &#8211; regular flights to Vienna, Budapest, Bucharest, Constan\u021ba and Timi\u015foara) and the Bac\u0103u International Airport (111 km &#8211; regular flights to Bologna, Milan, Rome, Turin, Bucharest and Timi\u015foara).<\/p>\n<p>International Airport &#8220;Stefan cel Mare&#8221;<br \/>\nAddress: Salcea City, Suceava County<br \/>\nPhone: <a class=\"telefond\" href=\"tel:+40230529999\">+4 0230.529.999<\/a> \/ <a class=\"telefond\" href=\"tel:+40230529962\">62<\/a>; <a class=\"telefond\" href=\"tel:+40727712988\">+4 0727.712.988<\/a>; <a class=\"telefond\" href=\"tel:+40744679799\">+4 0744.679.799<\/a><br \/>\nFax: +4 0230.529.999<br \/>\nE-mail: <a href=\"mailto:office@aeroportsuceava.ro\">office@aeroportsuceava.ro<\/a>; <a href=\"mailto:briefing@aeroportsuceava.ro\">briefing@aeroportsuceava.ro<\/a><br \/>\nWeb: <a href=\"http:\/\/www.aeroportsuceava.ro\" target=\"_blank\">www.aeroportsuceava.ro<\/a><\/p>\n<p>International Airport &#8220;George Enescu&#8221; Bacau<br \/>\nAddress: Airport Str, no. 1<br \/>\nPhone: <a class=\"telefond\" href=\"tel:+40234575400\">+4 0234.575.400<\/a><br \/>\nFax: +4 0234.575.366<br \/>\nE-mail: <a href=\"mailto:office@bacauairport.ro\">office@bacauairport.ro<\/a><br \/>\nWeb: <a href=\"http:\/\/bacauairport.ro\/\" target=\"_blank\">www.bacauairport.ro<\/a><\/p>\n<p>Iasi International Airport<br \/>\nAddress: Str. Moara de V\u00e2nt, no. 34<br \/>\nPhone: <a class=\"telefond\" href=\"tel:+40232271590\">+4 0232.271.590<\/a>; <a class=\"telefond\" href=\"tel:+40733261111\">+4 0733.261.111<\/a>; <a class=\"telefond\" href=\"tel:+40743261111\">+4 0743.261.111<\/a><br \/>\nFax: +4 0232.271.570<br \/>\nE-mail: <a href=\"mailto:\">iasi@aeroport<\/a><br \/>\nWeb: <a href=\"http:\/\/www.aeroport.ro\/\" target=\"_blank\">www.aeroport.ro<\/a>\n<\/div>\n<p>[\/et_pb_text][\/et_pb_column][\/et_pb_row][\/et_pb_section]<\/p>\n","protected":false},"excerpt":{"rendered":"<p>[et_pb_section admin_label=&#8221;section&#8221; transparent_background=&#8221;off&#8221; allow_player_pause=&#8221;off&#8221; inner_shadow=&#8221;off&#8221; parallax=&#8221;off&#8221; parallax_method=&#8221;off&#8221; padding_mobile=&#8221;off&#8221; module_class=&#8221;default_title&#8221; make_fullwidth=&#8221;off&#8221; use_custom_width=&#8221;off&#8221; width_unit=&#8221;on&#8221; make_equal=&#8221;off&#8221; use_custom_gutter=&#8221;off&#8221;][et_pb_row admin_label=&#8221;row&#8221;][et_pb_column type=&#8221;4_4&#8243;][et_pb_text admin_label=&#8221;Text&#8221; background_layout=&#8221;light&#8221; text_orientation=&#8221;left&#8221; use_border_color=&#8221;off&#8221; border_color=&#8221;#ffffff&#8221; border_style=&#8221;solid&#8221;] Traffic routes [\/et_pb_text][\/et_pb_column][\/et_pb_row][\/et_pb_section][et_pb_section admin_label=&#8221;section&#8221; transparent_background=&#8221;off&#8221; allow_player_pause=&#8221;off&#8221; inner_shadow=&#8221;off&#8221; parallax=&#8221;off&#8221; parallax_method=&#8221;off&#8221; padding_mobile=&#8221;off&#8221; module_class=&#8221;default_section&#8221; make_fullwidth=&#8221;off&#8221; use_custom_width=&#8221;off&#8221; width_unit=&#8221;on&#8221; make_equal=&#8221;off&#8221; use_custom_gutter=&#8221;off&#8221;][et_pb_row admin_label=&#8221;row&#8221;][et_pb_column type=&#8221;1_3&#8243;][et_pb_text admin_label=&#8221;Text&#8221; background_layout=&#8221;light&#8221; text_orientation=&#8221;left&#8221; use_border_color=&#8221;off&#8221; border_color=&#8221;#ffffff&#8221; border_style=&#8221;solid&#8221;] Railways T\u00eergu Neam\u021b city has a train station since [&hellip;]<\/p>\n","protected":false},"author":1,"featured_media":0,"parent":0,"menu_order":0,"comment_status":"closed","ping_status":"closed","template":"","meta":{"_et_pb_use_builder":"on","_et_pb_old_content":"","_et_gb_content_width":"","footnotes":""},"class_list":["post-1279","page","type-page","status-publish","hentry"],"yoast_head":"<!-- This site is optimized with the Yoast SEO plugin v27.4 - https:\/\/yoast.com\/product\/yoast-seo-wordpress\/ -->\n<title>Traffic routes - Targu Neamt<\/title>\n<meta name=\"robots\" content=\"index, follow, max-snippet:-1, max-image-preview:large, max-video-preview:-1\" \/>\n<link rel=\"canonical\" href=\"https:\/\/viziteazatarguneamt.ro\/en\/traffic-routes\/\" \/>\n<meta property=\"og:locale\" content=\"en_US\" \/>\n<meta property=\"og:type\" content=\"article\" \/>\n<meta property=\"og:title\" content=\"Traffic routes - Targu Neamt\" \/>\n<meta property=\"og:description\" content=\"[et_pb_section admin_label=&#8221;section&#8221; transparent_background=&#8221;off&#8221; allow_player_pause=&#8221;off&#8221; inner_shadow=&#8221;off&#8221; parallax=&#8221;off&#8221; parallax_method=&#8221;off&#8221; padding_mobile=&#8221;off&#8221; module_class=&#8221;default_title&#8221; make_fullwidth=&#8221;off&#8221; use_custom_width=&#8221;off&#8221; width_unit=&#8221;on&#8221; make_equal=&#8221;off&#8221; use_custom_gutter=&#8221;off&#8221;][et_pb_row admin_label=&#8221;row&#8221;][et_pb_column type=&#8221;4_4&#8243;][et_pb_text admin_label=&#8221;Text&#8221; background_layout=&#8221;light&#8221; text_orientation=&#8221;left&#8221; use_border_color=&#8221;off&#8221; border_color=&#8221;#ffffff&#8221; border_style=&#8221;solid&#8221;] Traffic routes [\/et_pb_text][\/et_pb_column][\/et_pb_row][\/et_pb_section][et_pb_section admin_label=&#8221;section&#8221; transparent_background=&#8221;off&#8221; allow_player_pause=&#8221;off&#8221; inner_shadow=&#8221;off&#8221; parallax=&#8221;off&#8221; parallax_method=&#8221;off&#8221; padding_mobile=&#8221;off&#8221; module_class=&#8221;default_section&#8221; make_fullwidth=&#8221;off&#8221; use_custom_width=&#8221;off&#8221; width_unit=&#8221;on&#8221; make_equal=&#8221;off&#8221; use_custom_gutter=&#8221;off&#8221;][et_pb_row admin_label=&#8221;row&#8221;][et_pb_column type=&#8221;1_3&#8243;][et_pb_text admin_label=&#8221;Text&#8221; background_layout=&#8221;light&#8221; text_orientation=&#8221;left&#8221; use_border_color=&#8221;off&#8221; border_color=&#8221;#ffffff&#8221; border_style=&#8221;solid&#8221;] Railways T\u00eergu Neam\u021b city has a train station since [&hellip;]\" \/>\n<meta property=\"og:url\" content=\"https:\/\/viziteazatarguneamt.ro\/en\/traffic-routes\/\" \/>\n<meta property=\"og:site_name\" content=\"Targu Neamt\" \/>\n<meta property=\"article:modified_time\" content=\"2015-10-15T09:49:18+00:00\" \/>\n<meta name=\"twitter:card\" content=\"summary_large_image\" \/>\n<meta name=\"twitter:label1\" content=\"Est. reading time\" \/>\n\t<meta name=\"twitter:data1\" content=\"3 minutes\" \/>\n<script type=\"application\/ld+json\" class=\"yoast-schema-graph\">{\"@context\":\"https:\\\/\\\/schema.org\",\"@graph\":[{\"@type\":\"WebPage\",\"@id\":\"https:\\\/\\\/viziteazatarguneamt.ro\\\/en\\\/traffic-routes\\\/\",\"url\":\"https:\\\/\\\/viziteazatarguneamt.ro\\\/en\\\/traffic-routes\\\/\",\"name\":\"Traffic routes - Targu Neamt\",\"isPartOf\":{\"@id\":\"https:\\\/\\\/viziteazatarguneamt.ro\\\/#website\"},\"datePublished\":\"2015-09-03T06:16:01+00:00\",\"dateModified\":\"2015-10-15T09:49:18+00:00\",\"breadcrumb\":{\"@id\":\"https:\\\/\\\/viziteazatarguneamt.ro\\\/en\\\/traffic-routes\\\/#breadcrumb\"},\"inLanguage\":\"en-US\",\"potentialAction\":[{\"@type\":\"ReadAction\",\"target\":[\"https:\\\/\\\/viziteazatarguneamt.ro\\\/en\\\/traffic-routes\\\/\"]}]},{\"@type\":\"BreadcrumbList\",\"@id\":\"https:\\\/\\\/viziteazatarguneamt.ro\\\/en\\\/traffic-routes\\\/#breadcrumb\",\"itemListElement\":[{\"@type\":\"ListItem\",\"position\":1,\"name\":\"Acas\u0103\",\"item\":\"https:\\\/\\\/viziteazatarguneamt.ro\\\/en\\\/\"},{\"@type\":\"ListItem\",\"position\":2,\"name\":\"Traffic routes\"}]},{\"@type\":\"WebSite\",\"@id\":\"https:\\\/\\\/viziteazatarguneamt.ro\\\/#website\",\"url\":\"https:\\\/\\\/viziteazatarguneamt.ro\\\/\",\"name\":\"Targu Neamt\",\"description\":\"CNIPT\",\"potentialAction\":[{\"@type\":\"SearchAction\",\"target\":{\"@type\":\"EntryPoint\",\"urlTemplate\":\"https:\\\/\\\/viziteazatarguneamt.ro\\\/?s={search_term_string}\"},\"query-input\":{\"@type\":\"PropertyValueSpecification\",\"valueRequired\":true,\"valueName\":\"search_term_string\"}}],\"inLanguage\":\"en-US\"}]}<\/script>\n<!-- \/ Yoast SEO plugin. -->","yoast_head_json":{"title":"Traffic routes - Targu Neamt","robots":{"index":"index","follow":"follow","max-snippet":"max-snippet:-1","max-image-preview":"max-image-preview:large","max-video-preview":"max-video-preview:-1"},"canonical":"https:\/\/viziteazatarguneamt.ro\/en\/traffic-routes\/","og_locale":"en_US","og_type":"article","og_title":"Traffic routes - Targu Neamt","og_description":"[et_pb_section admin_label=&#8221;section&#8221; transparent_background=&#8221;off&#8221; allow_player_pause=&#8221;off&#8221; inner_shadow=&#8221;off&#8221; parallax=&#8221;off&#8221; parallax_method=&#8221;off&#8221; padding_mobile=&#8221;off&#8221; module_class=&#8221;default_title&#8221; make_fullwidth=&#8221;off&#8221; use_custom_width=&#8221;off&#8221; width_unit=&#8221;on&#8221; make_equal=&#8221;off&#8221; use_custom_gutter=&#8221;off&#8221;][et_pb_row admin_label=&#8221;row&#8221;][et_pb_column type=&#8221;4_4&#8243;][et_pb_text admin_label=&#8221;Text&#8221; background_layout=&#8221;light&#8221; text_orientation=&#8221;left&#8221; use_border_color=&#8221;off&#8221; border_color=&#8221;#ffffff&#8221; border_style=&#8221;solid&#8221;] Traffic routes [\/et_pb_text][\/et_pb_column][\/et_pb_row][\/et_pb_section][et_pb_section admin_label=&#8221;section&#8221; transparent_background=&#8221;off&#8221; allow_player_pause=&#8221;off&#8221; inner_shadow=&#8221;off&#8221; parallax=&#8221;off&#8221; parallax_method=&#8221;off&#8221; padding_mobile=&#8221;off&#8221; module_class=&#8221;default_section&#8221; make_fullwidth=&#8221;off&#8221; use_custom_width=&#8221;off&#8221; width_unit=&#8221;on&#8221; make_equal=&#8221;off&#8221; use_custom_gutter=&#8221;off&#8221;][et_pb_row admin_label=&#8221;row&#8221;][et_pb_column type=&#8221;1_3&#8243;][et_pb_text admin_label=&#8221;Text&#8221; background_layout=&#8221;light&#8221; text_orientation=&#8221;left&#8221; use_border_color=&#8221;off&#8221; border_color=&#8221;#ffffff&#8221; border_style=&#8221;solid&#8221;] Railways T\u00eergu Neam\u021b city has a train station since [&hellip;]","og_url":"https:\/\/viziteazatarguneamt.ro\/en\/traffic-routes\/","og_site_name":"Targu Neamt","article_modified_time":"2015-10-15T09:49:18+00:00","twitter_card":"summary_large_image","twitter_misc":{"Est. reading time":"3 minutes"},"schema":{"@context":"https:\/\/schema.org","@graph":[{"@type":"WebPage","@id":"https:\/\/viziteazatarguneamt.ro\/en\/traffic-routes\/","url":"https:\/\/viziteazatarguneamt.ro\/en\/traffic-routes\/","name":"Traffic routes - Targu Neamt","isPartOf":{"@id":"https:\/\/viziteazatarguneamt.ro\/#website"},"datePublished":"2015-09-03T06:16:01+00:00","dateModified":"2015-10-15T09:49:18+00:00","breadcrumb":{"@id":"https:\/\/viziteazatarguneamt.ro\/en\/traffic-routes\/#breadcrumb"},"inLanguage":"en-US","potentialAction":[{"@type":"ReadAction","target":["https:\/\/viziteazatarguneamt.ro\/en\/traffic-routes\/"]}]},{"@type":"BreadcrumbList","@id":"https:\/\/viziteazatarguneamt.ro\/en\/traffic-routes\/#breadcrumb","itemListElement":[{"@type":"ListItem","position":1,"name":"Acas\u0103","item":"https:\/\/viziteazatarguneamt.ro\/en\/"},{"@type":"ListItem","position":2,"name":"Traffic routes"}]},{"@type":"WebSite","@id":"https:\/\/viziteazatarguneamt.ro\/#website","url":"https:\/\/viziteazatarguneamt.ro\/","name":"Targu Neamt","description":"CNIPT","potentialAction":[{"@type":"SearchAction","target":{"@type":"EntryPoint","urlTemplate":"https:\/\/viziteazatarguneamt.ro\/?s={search_term_string}"},"query-input":{"@type":"PropertyValueSpecification","valueRequired":true,"valueName":"search_term_string"}}],"inLanguage":"en-US"}]}},"_links":{"self":[{"href":"https:\/\/viziteazatarguneamt.ro\/en\/wp-json\/wp\/v2\/pages\/1279","targetHints":{"allow":["GET"]}}],"collection":[{"href":"https:\/\/viziteazatarguneamt.ro\/en\/wp-json\/wp\/v2\/pages"}],"about":[{"href":"https:\/\/viziteazatarguneamt.ro\/en\/wp-json\/wp\/v2\/types\/page"}],"author":[{"embeddable":true,"href":"https:\/\/viziteazatarguneamt.ro\/en\/wp-json\/wp\/v2\/users\/1"}],"replies":[{"embeddable":true,"href":"https:\/\/viziteazatarguneamt.ro\/en\/wp-json\/wp\/v2\/comments?post=1279"}],"version-history":[{"count":4,"href":"https:\/\/viziteazatarguneamt.ro\/en\/wp-json\/wp\/v2\/pages\/1279\/revisions"}],"predecessor-version":[{"id":2201,"href":"https:\/\/viziteazatarguneamt.ro\/en\/wp-json\/wp\/v2\/pages\/1279\/revisions\/2201"}],"wp:attachment":[{"href":"https:\/\/viziteazatarguneamt.ro\/en\/wp-json\/wp\/v2\/media?parent=1279"}],"curies":[{"name":"wp","href":"https:\/\/api.w.org\/{rel}","templated":true}]}}