{"id":1463,"date":"2015-10-09T10:26:43","date_gmt":"2015-10-09T07:26:43","guid":{"rendered":"http:\/\/www.viziteazatarguneamt.ro\/en\/trasee-turistice\/"},"modified":"2015-10-09T11:04:43","modified_gmt":"2015-10-09T08:04:43","slug":"tourist-paths","status":"publish","type":"page","link":"https:\/\/viziteazatarguneamt.ro\/en\/tourist-paths\/","title":{"rendered":"Tourist paths"},"content":{"rendered":"<p>[et_pb_section admin_label=&#8221;section&#8221; transparent_background=&#8221;off&#8221; background_color=&#8221;#aeb4a6&#8243; allow_player_pause=&#8221;off&#8221; inner_shadow=&#8221;off&#8221; parallax=&#8221;off&#8221; parallax_method=&#8221;off&#8221; padding_mobile=&#8221;off&#8221; module_class=&#8221;default_title &#8221; make_fullwidth=&#8221;off&#8221; use_custom_width=&#8221;off&#8221; width_unit=&#8221;on&#8221; make_equal=&#8221;off&#8221; use_custom_gutter=&#8221;off&#8221;][et_pb_row admin_label=&#8221;row&#8221;][et_pb_column type=&#8221;4_4&#8243;][et_pb_text admin_label=&#8221;Text&#8221; background_layout=&#8221;light&#8221; text_orientation=&#8221;center&#8221; use_border_color=&#8221;off&#8221; border_color=&#8221;#ffffff&#8221; border_style=&#8221;solid&#8221;]<\/p>\n<h1>Tourist paths<\/h1>\n<p>[\/et_pb_text][\/et_pb_column][\/et_pb_row][\/et_pb_section][et_pb_section admin_label=&#8221;section&#8221; transparent_background=&#8221;off&#8221; allow_player_pause=&#8221;off&#8221; inner_shadow=&#8221;off&#8221; parallax=&#8221;off&#8221; parallax_method=&#8221;off&#8221; padding_mobile=&#8221;off&#8221; module_class=&#8221;default_section&#8221; make_fullwidth=&#8221;off&#8221; use_custom_width=&#8221;off&#8221; width_unit=&#8221;on&#8221; make_equal=&#8221;off&#8221; use_custom_gutter=&#8221;off&#8221;][et_pb_row admin_label=&#8221;R\u00e2nd&#8221;][et_pb_column type=&#8221;4_4&#8243;][et_pb_text admin_label=&#8221;Text&#8221; background_layout=&#8221;light&#8221; text_orientation=&#8221;left&#8221; use_border_color=&#8221;off&#8221; border_color=&#8221;#ffffff&#8221; border_style=&#8221;solid&#8221;]<\/p>\n<p>The realm of legends, history, culture and spirituality, to which wild nature in its entirety has  conferred over the centuries aesthetic values which are thrillingly expressive, the county of Neam\u021b catches and overwhelms all visitors without distinction. The Neam\u021b fortress, the old monasteries of Neam\u021b, Agapia, V\u0103ratec, Secu, Sih\u0103stria, \u201cThe Copper woods\u201c and \u201cThe Silver woods\u201c, the forests of holms and birches through which Eminescu passed and last but not least, the memorial houses belonging to the writers Ion Creang\u0103, Mihail Sadoveanu, Alexandru Vlahu\u021b\u0103 and Veronica Micle, are just a part of the treasures of this corner of heaven which are undoubtedly worthy of being discovered at leisure.<\/p>\n<p>[\/et_pb_text][et_pb_text admin_label=&#8221;Text&#8221; background_layout=&#8221;light&#8221; text_orientation=&#8221;left&#8221; use_border_color=&#8221;off&#8221; border_color=&#8221;#ffffff&#8221; border_style=&#8221;solid&#8221; module_class=&#8221;trasee_turistice&#8221;]<\/p>\n<div class=\"drop_open drop_open_x\" onclick=\"animatieOpen(this)\">Route: T\u00eergu Neam\u0163 \u2013 Humule\u015fti \u2013 Agapia \u2013 M\u0103n\u0103stirea Neam\u0163 \u2013 T\u00eergu Neam\u0163<\/div>\n<div class=\"test\">\n<p>\nTourist destinations: \u201cVeronica Micle\u201d Memorial house, \u201cIon Creang\u0103\u201d Memorial museum, \u201cAlexandru Vlahu\u021b\u0103\u201d Memorial house, \u201cMihail Sadoveanu\u201d Memorial museum.<br \/>\nDuration: one day; 60km. <\/p>\n<p>Means of transport: personal car, local transportation vehicles, teams of horses (carriage or sleigh), field bicycles for groups of young tourists.<br \/>\nDescription of the route: the first tourist destination in the itinerary is \u201cVeronica Micle\u201d Memorial house in T\u00eergu Neam\u021b, located at 33, \u015etefan cel Mare Avenue.<\/p>\n<p>Programme for visits: daily 9-17 (October &#8211; March); 10-18 (April &#8211; September); Monday &#8211; closed; <\/p>\n<p>Passing the bridge over \u201cthe clear Ozana which flows quietly\u201d, we get to Humule\u015fti. A gate made of carved wood shelters the entry to one of the most visited memorial museums in the country \u2013 \u201cIon Creang\u0103\u201d Memorial museum in Humule\u0219ti. Programme for visits: daily 9-17 (October &#8211; March); 10-18 (April &#8211; September); Monday \u2013 closed. From Humule\u015fti we move to the commune of Agapia in order to visit \u201cAlexandru Vlahu\u0163\u0103\u201d Memorial house which lies in the monastic village in the commune of Agapia, close to the monastery bearing the same name. On the occasion of the celebration of the centenary of the writer&#8217;s birth in 1958, the house was designed and inaugurated as a memorial museum. <\/p>\n<p>Programme for visits: daily 9-17 (October &#8211; March); 10-18 (April &#8211; September); Monday \u2013 closed.<br \/>\nFrom the main road which leads to Neam\u0163 Monastery, a secondary road leads us to the Hill of Vovidenia, within an entrancing natural scenery, to the house where our great writer Mihail Sadoveanu halted and created his literary works. <\/p>\n<p>Programme for visits: daily 9-17 (October &#8211; March); 10-18 (April &#8211; September); Monday \u2013 closed.\n<\/p>\n<\/div>\n<p>[\/et_pb_text][et_pb_text admin_label=&#8221;Text&#8221; background_layout=&#8221;light&#8221; text_orientation=&#8221;left&#8221; use_border_color=&#8221;off&#8221; border_color=&#8221;#ffffff&#8221; border_style=&#8221;solid&#8221; module_class=&#8221;trasee_turistice&#8221;]<\/p>\n<div class=\"drop_open drop_open_x\" onclick=\"animatieOpen(this)\">Itinerary: T\u00eergu Neam\u0163 \u2013 the city tour<\/div>\n<div class=\"test\">\n<p>\nTourist destinations: The Fortress of Neam\u0163, the monument of the mountain hunters, The Museum of History and Ethnography, The Heroes&#8217; Monument. <\/p>\n<p>Duration: one day; 8 km. <\/p>\n<p>Means of transport: trip, personal car, teams of horses (carriage or sleigh), field bicycles for groups of young tourists.<\/p>\n<p>Description of the route: even from the entry to the city of T\u00eergu Neam\u0163, your attention will be drawn by the ruins of the Fortress of Neam\u0163. The legends talk about ,,\u2026Teutonic knights who came from over the mountains to these counties and who built here the fortress walls a long time ago\u201d. Historians still bring proofs according to which the fortress of Neam\u0163 is a Moldavian building, erected at the end of the 14th century, during the reign of Petru I Mu\u015fat and consolidated during the reign of Stephen the Great. <\/p>\n<p>Programme for visits: daily 9-17 (October &#8211; March); 10-18 (April &#8211; September); Monday \u2013 closed. From the fortress, we continue our trip through the woods, following a route about 3 kilometres long, which goes to the ridge of the Ple\u015fu hill and up to the Monument of the mountain hunters. The monument lies in the north-eastern part of the city, on a large terrace, artificially created in 1936 on the ridge of Ple\u015fu hill. From the monument we go down about 2 kilometres on the street B\u0103ile Oglinzi, then through the centre of the city, on \u015etefan cel Mare Avenue, up to the Museum of History and Ethnography. The building of the museum is an architectural monument and was built between 1852-1853. Initially functioning as a Princely School, we can keep in mind that Ion Creang\u0103 and Vasile Conta studied in this building. The permanent exhibition of the museum includes objects discovered following the archeological diggings which were conducted between 1939 \u2013 1963 as well as the history of traditional crafts in the Depression of Neam\u0163. 500 metres away from the museum, within an arranged park, there is the Heroes&#8217; Monument, erected with a view to honouring the heroes in Neam\u021b who died in World War II for the Completeness of the kinsmen (1916 &#8211; 1919). After World War II was also erected a monument of the soviet soldiers who died in the battles which took place in the area of the city of T\u00eergu Neam\u0163 in the summer of 1944.\n<\/p>\n<\/div>\n<p>[\/et_pb_text][et_pb_text admin_label=&#8221;Text&#8221; background_layout=&#8221;light&#8221; text_orientation=&#8221;left&#8221; use_border_color=&#8221;off&#8221; border_color=&#8221;#ffffff&#8221; border_style=&#8221;solid&#8221; module_class=&#8221;trasee_turistice&#8221;]<\/p>\n<div class=\"drop_open drop_open_x\" onclick=\"animatieOpen(this)\">Itinerary: the V\u0103ratec Monastery \u2013 the Agapia Monastery \u2013 the Agapia Monastery on the Hill \u2013 the Sihla Monastery \u2013 the monastery of Daniil, the hermit.<\/div>\n<div class=\"test\">\n<p>\nDuration: one day; 60 km. <\/p>\n<p>Means of transport: personal car, teams of horses (carriage or sleigh), field bicycles for groups of young tourists, combined means (car and trip).<\/p>\n<p>Description of the route: we leave from T\u00eergu Neam\u0163 following the DN 15 C highway towards Piatra Neam\u0163 and after 12 kilometres, we get to the monastic village of V\u0103ratec Monastery. It is the largest monastery of nuns in Romania, under the patronage The Dormition of the Mother of God, founded by the nun Olimpiada in 1875. <\/p>\n<p>From V\u0103ratec, passing through the village Filioara, we get to Agapia Monastery. The monastery lies on the valley of Agapia brook and is surrounded on all its sides by high mountains with steep ridges and centennial woods and in the lower part, by orchards and gardens with flowers which adorn the nuns&#8217; houses and the courtyards, representing a picturesque landscape. The reputation of the Agapia Monastery is also explained by the existence of interior wall paintings, achieved by Nicolae Grigorescu between 1858-1860. The monastery was founded by successive buildings during the 14th-17th centuries by the hermit Agapie, the Prince Petru Rare\u015f and Lady Anastasia, the wife of Gheorghe Duca-Vod\u0103. It was wholly reconstructed out of thick beams of fir between 1990-1994, only the bell tower being kept. From Agapia Monastery, on mountain paths, we can get to Sihla Monastery and to Secu and Sih\u0103stria Monasteries. <\/p>\n<p>We can also arrive at Sihla from the rear of Agapia Monastery, passing through a forest road which is 8 kilometres long and those who want to get there on foot, they can continue their way from Agapia on the hill towards Sihla, on the ridge of the mountain. The Monastery of Daniil, the hermit is 2 kilometres away from Sihla Monastery. There are benches of wood on the way which have been set up and on which you can rest and, at the same time, you can admire the beauties which surround you. If you want to refresh and drink water, you can halt for a moment at the Healing Fountain, which has been set up before getting to the monastery.\n<\/p>\n<\/div>\n<p>[\/et_pb_text][et_pb_text admin_label=&#8221;Text&#8221; background_layout=&#8221;light&#8221; text_orientation=&#8221;left&#8221; use_border_color=&#8221;off&#8221; border_color=&#8221;#ffffff&#8221; border_style=&#8221;solid&#8221; module_class=&#8221;trasee_turistice&#8221;]<\/p>\n<div class=\"drop_open drop_open_x\" onclick=\"animatieOpen(this)\">Itinerary: The Sih\u0103stria Monastery \u2013 John&#8217;s glade Monastery \u2013 the Secu Monastery \u2013 The Monastery of Nifon \u2013 The Neam\u0163 Monastery- The Vovidenia Monastery \u2013 The Old Icon Monastery \u2013 The Church The Dormition of the Mother of God in T\u00eergu Neam\u0163 \u2013 Saint George Monastery in T\u00eergu Neam\u0163 &#8211; Saint Mina Monastery<\/div>\n<div class=\"test\">\n<p>\nDuration: one day; 80 km. <\/p>\n<p>Means of transport: personal car, teams of horses (carriage or sleigh), field bicycles for groups of young tourists, combined means (car and trip).<\/p>\n<p>Description of the route: we leave from T\u00eergu Neam\u0163 on DN 15 B highway towards the commune of V\u00e2n\u0103tori Neam\u0163- Poiana Largului and after leaving behind Brani\u015fte Forest, we turn to the left towards the Sih\u0103stria Monastery, which is 22 kilometres away from T\u00eergu Neam\u0163. Owing to its existence of three centuries, the Sih\u0103stria Monastery, faithfully continues the Moldavian classical style and shelters churchly objects, liturgical pots and a library of a great historic and cultural importance. <\/p>\n<p>John&#8217;s Glade Monastery is 3 kilometres away from the Sih\u0103stria Monastery. You can get to the monastery either by car or by foot through a centennial beech and coniferous forest. The Secu Monastery is one of the oldest Orthodox monastic hearths in the county of Neam\u0163. The Nifon Monastery is 3 kilometres away from the Secu Monastery and was founded in 1690. In the northwestern part of the famous fortress of Neam\u0163, only 12 kilometres away, in a wide open glade on the valley of Nem\u0163i\u015for, lies the well-known Neam\u0163 Monastery.<br \/>\nThe Vovidenia Monastery was consecrated in 1857. Here you can find the house built by Visarion Puiu in 1937, in which after 1944, the writer Mihail Sadoveanu lived and wrote. The Old Icon Monastery lies 7 kilometres away, in the western part of Neam\u0163 Monastery and includes a church made of wood. <\/p>\n<p>The Church The Dormition of the Mother of God in T\u00eergu Neam\u0163 lies in the centre of the city and dates back to the end of the 19th century. Saint George Church in T\u00eergu Neam\u0163 is the first church made of stone in T\u00eergu Neam\u021b and was built between 1800 -1808. About 2 kilometres away from the exit of T\u00eergu Neam\u021b, you can visit Saint Mina Monastery. The monastery is a monastic establishment for monks and belongs to the Sih\u0103stria Monastery.\n<\/p>\n<\/div>\n<p>[\/et_pb_text][et_pb_text admin_label=&#8221;Text&#8221; background_layout=&#8221;light&#8221; text_orientation=&#8221;left&#8221; use_border_color=&#8221;off&#8221; border_color=&#8221;#ffffff&#8221; border_style=&#8221;solid&#8221; module_class=&#8221;trasee_turistice&#8221;]<\/p>\n<div class=\"drop_open drop_open_x\" onclick=\"animatieOpen(this)\">Itinerary: T\u00eergu Neam\u0163 &#8211; V\u00e2n\u0103tori Neam\u0163 &#8211; Agapia &#8211; Filioara &#8211; T\u00eergu Neam\u0163 <\/div>\n<div class=\"test\">\n<p>\nTourist destinations: \u201cDrago\u015f Vod\u0103\u201d reservation of aurochses, The Natural Park in V\u00e2n\u0103tori-Neam\u0163, The Silver woods, The Copper woods<br \/>\nDuration: one day; 60 km. <\/p>\n<p>Means of transport: personal car, teams of horses (carriage or sleigh), field bicycles for groups of young tourists.<\/p>\n<p>Description of the route: we move from T\u00eergu Neam\u0163 towards the commune of V\u00e2n\u0103tori Neam\u0163, where \u201cDrago\u015f Vod\u0103\u201d, the reservation of aurochses and Carpathian fauna is located. The reservation was founded in 1968 and covers about 11,500 hectares. Within a natural scenery of about four hectares, there are six specimens of aurochses, out of which two male and four female. Within the reservation, besides aurochses, we can also encounter Carpathian deer, fallow deer, roebucks, foxes, badgers, hares, bears and wolves. <\/p>\n<p>The natural Park in V\u00e2n\u0103tori-Neam\u0163 is a protected area founded in 1999, intended for the protection of the natural, spiritual and cultural heritage of the area.<\/p>\n<p>Lying wihin the boundary rays of the communes of Cr\u0103c\u0103oani, Agapia, V\u00een\u0103tori, of the city of T\u00eergu Neam\u0163 and of the resorts B\u0103l\u0163\u0103te\u015fti and Oglinzi, the Natural Park in V\u00e2n\u0103tori Neam\u0163 has a unique beauty and a special picturesque landscape. <\/p>\n<p>Having become famous in the Romanian literature by Mihai Eminescu in the poem C\u0103lin (pages from a tale) &#8211; \u201cIf through the copper woods you pass, the silver woods shine far away,\/ There you will hear a thousand throats proclaim the forest&#8217;s roundelay\u201d \u2013 the silver woods lie on the territory of Agapia commune, near the headquarters of V\u0103ratec Forestry, on the lower terrace of Topoli\u0163a brook, being 540 metres high. The forest is made of birch brush, with the oldest trees being over 100 years old, but the forest also includes trees which are 20 and 50 years old. Besides the \u201cSilver woods\u201d, the forest reservation \u201cThe Copper woods\u201d completes the incursion into the natural fairy-like scenery of the Natural Park in V\u00e2n\u0103tori Neam\u0163.<\/p>\n<p> The reservation of holms is located in the commune of Agapia and reaches the height of 650 metres. The woods cover a surface of almost 10 hectares and the oldest trees are about 135 years old.\n<\/p>\n<\/div>\n<p>[\/et_pb_text][\/et_pb_column][\/et_pb_row][\/et_pb_section]<\/p>\n","protected":false},"excerpt":{"rendered":"<p>[et_pb_section admin_label=&#8221;section&#8221; transparent_background=&#8221;off&#8221; background_color=&#8221;#aeb4a6&#8243; allow_player_pause=&#8221;off&#8221; inner_shadow=&#8221;off&#8221; parallax=&#8221;off&#8221; parallax_method=&#8221;off&#8221; padding_mobile=&#8221;off&#8221; module_class=&#8221;default_title &#8221; make_fullwidth=&#8221;off&#8221; use_custom_width=&#8221;off&#8221; width_unit=&#8221;on&#8221; make_equal=&#8221;off&#8221; use_custom_gutter=&#8221;off&#8221;][et_pb_row admin_label=&#8221;row&#8221;][et_pb_column type=&#8221;4_4&#8243;][et_pb_text admin_label=&#8221;Text&#8221; background_layout=&#8221;light&#8221; text_orientation=&#8221;center&#8221; use_border_color=&#8221;off&#8221; border_color=&#8221;#ffffff&#8221; border_style=&#8221;solid&#8221;] Tourist paths [\/et_pb_text][\/et_pb_column][\/et_pb_row][\/et_pb_section][et_pb_section admin_label=&#8221;section&#8221; transparent_background=&#8221;off&#8221; allow_player_pause=&#8221;off&#8221; inner_shadow=&#8221;off&#8221; parallax=&#8221;off&#8221; parallax_method=&#8221;off&#8221; padding_mobile=&#8221;off&#8221; module_class=&#8221;default_section&#8221; make_fullwidth=&#8221;off&#8221; use_custom_width=&#8221;off&#8221; width_unit=&#8221;on&#8221; make_equal=&#8221;off&#8221; use_custom_gutter=&#8221;off&#8221;][et_pb_row admin_label=&#8221;R\u00e2nd&#8221;][et_pb_column type=&#8221;4_4&#8243;][et_pb_text admin_label=&#8221;Text&#8221; background_layout=&#8221;light&#8221; text_orientation=&#8221;left&#8221; use_border_color=&#8221;off&#8221; border_color=&#8221;#ffffff&#8221; border_style=&#8221;solid&#8221;] The realm of legends, history, culture and [&hellip;]<\/p>\n","protected":false},"author":1,"featured_media":0,"parent":0,"menu_order":0,"comment_status":"closed","ping_status":"closed","template":"","meta":{"_et_pb_use_builder":"on","_et_pb_old_content":"","_et_gb_content_width":"","footnotes":""},"class_list":["post-1463","page","type-page","status-publish","hentry"],"yoast_head":"<!-- This site is optimized with the Yoast SEO plugin v27.4 - https:\/\/yoast.com\/product\/yoast-seo-wordpress\/ -->\n<title>Tourist paths - Targu Neamt<\/title>\n<meta name=\"robots\" content=\"index, follow, max-snippet:-1, max-image-preview:large, max-video-preview:-1\" \/>\n<link rel=\"canonical\" href=\"https:\/\/viziteazatarguneamt.ro\/en\/tourist-paths\/\" \/>\n<meta property=\"og:locale\" content=\"en_US\" \/>\n<meta property=\"og:type\" content=\"article\" \/>\n<meta property=\"og:title\" content=\"Tourist paths - Targu Neamt\" \/>\n<meta property=\"og:description\" content=\"[et_pb_section admin_label=&#8221;section&#8221; transparent_background=&#8221;off&#8221; background_color=&#8221;#aeb4a6&#8243; allow_player_pause=&#8221;off&#8221; inner_shadow=&#8221;off&#8221; parallax=&#8221;off&#8221; parallax_method=&#8221;off&#8221; padding_mobile=&#8221;off&#8221; module_class=&#8221;default_title &#8221; make_fullwidth=&#8221;off&#8221; use_custom_width=&#8221;off&#8221; width_unit=&#8221;on&#8221; make_equal=&#8221;off&#8221; use_custom_gutter=&#8221;off&#8221;][et_pb_row admin_label=&#8221;row&#8221;][et_pb_column type=&#8221;4_4&#8243;][et_pb_text admin_label=&#8221;Text&#8221; background_layout=&#8221;light&#8221; text_orientation=&#8221;center&#8221; use_border_color=&#8221;off&#8221; border_color=&#8221;#ffffff&#8221; border_style=&#8221;solid&#8221;] Tourist paths [\/et_pb_text][\/et_pb_column][\/et_pb_row][\/et_pb_section][et_pb_section admin_label=&#8221;section&#8221; transparent_background=&#8221;off&#8221; allow_player_pause=&#8221;off&#8221; inner_shadow=&#8221;off&#8221; parallax=&#8221;off&#8221; parallax_method=&#8221;off&#8221; padding_mobile=&#8221;off&#8221; module_class=&#8221;default_section&#8221; make_fullwidth=&#8221;off&#8221; use_custom_width=&#8221;off&#8221; width_unit=&#8221;on&#8221; make_equal=&#8221;off&#8221; use_custom_gutter=&#8221;off&#8221;][et_pb_row admin_label=&#8221;R\u00e2nd&#8221;][et_pb_column type=&#8221;4_4&#8243;][et_pb_text admin_label=&#8221;Text&#8221; background_layout=&#8221;light&#8221; text_orientation=&#8221;left&#8221; use_border_color=&#8221;off&#8221; border_color=&#8221;#ffffff&#8221; border_style=&#8221;solid&#8221;] The realm of legends, history, culture and [&hellip;]\" \/>\n<meta property=\"og:url\" content=\"https:\/\/viziteazatarguneamt.ro\/en\/tourist-paths\/\" \/>\n<meta property=\"og:site_name\" content=\"Targu Neamt\" \/>\n<meta property=\"article:modified_time\" content=\"2015-10-09T08:04:43+00:00\" \/>\n<meta name=\"twitter:card\" content=\"summary_large_image\" \/>\n<meta name=\"twitter:label1\" content=\"Est. reading time\" \/>\n\t<meta name=\"twitter:data1\" content=\"11 minutes\" \/>\n<script type=\"application\/ld+json\" class=\"yoast-schema-graph\">{\"@context\":\"https:\\\/\\\/schema.org\",\"@graph\":[{\"@type\":\"WebPage\",\"@id\":\"https:\\\/\\\/viziteazatarguneamt.ro\\\/en\\\/tourist-paths\\\/\",\"url\":\"https:\\\/\\\/viziteazatarguneamt.ro\\\/en\\\/tourist-paths\\\/\",\"name\":\"Tourist paths - Targu Neamt\",\"isPartOf\":{\"@id\":\"https:\\\/\\\/viziteazatarguneamt.ro\\\/#website\"},\"datePublished\":\"2015-10-09T07:26:43+00:00\",\"dateModified\":\"2015-10-09T08:04:43+00:00\",\"breadcrumb\":{\"@id\":\"https:\\\/\\\/viziteazatarguneamt.ro\\\/en\\\/tourist-paths\\\/#breadcrumb\"},\"inLanguage\":\"en-US\",\"potentialAction\":[{\"@type\":\"ReadAction\",\"target\":[\"https:\\\/\\\/viziteazatarguneamt.ro\\\/en\\\/tourist-paths\\\/\"]}]},{\"@type\":\"BreadcrumbList\",\"@id\":\"https:\\\/\\\/viziteazatarguneamt.ro\\\/en\\\/tourist-paths\\\/#breadcrumb\",\"itemListElement\":[{\"@type\":\"ListItem\",\"position\":1,\"name\":\"Acas\u0103\",\"item\":\"https:\\\/\\\/viziteazatarguneamt.ro\\\/en\\\/\"},{\"@type\":\"ListItem\",\"position\":2,\"name\":\"Tourist paths\"}]},{\"@type\":\"WebSite\",\"@id\":\"https:\\\/\\\/viziteazatarguneamt.ro\\\/#website\",\"url\":\"https:\\\/\\\/viziteazatarguneamt.ro\\\/\",\"name\":\"Targu Neamt\",\"description\":\"CNIPT\",\"potentialAction\":[{\"@type\":\"SearchAction\",\"target\":{\"@type\":\"EntryPoint\",\"urlTemplate\":\"https:\\\/\\\/viziteazatarguneamt.ro\\\/?s={search_term_string}\"},\"query-input\":{\"@type\":\"PropertyValueSpecification\",\"valueRequired\":true,\"valueName\":\"search_term_string\"}}],\"inLanguage\":\"en-US\"}]}<\/script>\n<!-- \/ Yoast SEO plugin. -->","yoast_head_json":{"title":"Tourist paths - Targu Neamt","robots":{"index":"index","follow":"follow","max-snippet":"max-snippet:-1","max-image-preview":"max-image-preview:large","max-video-preview":"max-video-preview:-1"},"canonical":"https:\/\/viziteazatarguneamt.ro\/en\/tourist-paths\/","og_locale":"en_US","og_type":"article","og_title":"Tourist paths - Targu Neamt","og_description":"[et_pb_section admin_label=&#8221;section&#8221; transparent_background=&#8221;off&#8221; background_color=&#8221;#aeb4a6&#8243; allow_player_pause=&#8221;off&#8221; inner_shadow=&#8221;off&#8221; parallax=&#8221;off&#8221; parallax_method=&#8221;off&#8221; padding_mobile=&#8221;off&#8221; module_class=&#8221;default_title &#8221; make_fullwidth=&#8221;off&#8221; use_custom_width=&#8221;off&#8221; width_unit=&#8221;on&#8221; make_equal=&#8221;off&#8221; use_custom_gutter=&#8221;off&#8221;][et_pb_row admin_label=&#8221;row&#8221;][et_pb_column type=&#8221;4_4&#8243;][et_pb_text admin_label=&#8221;Text&#8221; background_layout=&#8221;light&#8221; text_orientation=&#8221;center&#8221; use_border_color=&#8221;off&#8221; border_color=&#8221;#ffffff&#8221; border_style=&#8221;solid&#8221;] Tourist paths [\/et_pb_text][\/et_pb_column][\/et_pb_row][\/et_pb_section][et_pb_section admin_label=&#8221;section&#8221; transparent_background=&#8221;off&#8221; allow_player_pause=&#8221;off&#8221; inner_shadow=&#8221;off&#8221; parallax=&#8221;off&#8221; parallax_method=&#8221;off&#8221; padding_mobile=&#8221;off&#8221; module_class=&#8221;default_section&#8221; make_fullwidth=&#8221;off&#8221; use_custom_width=&#8221;off&#8221; width_unit=&#8221;on&#8221; make_equal=&#8221;off&#8221; use_custom_gutter=&#8221;off&#8221;][et_pb_row admin_label=&#8221;R\u00e2nd&#8221;][et_pb_column type=&#8221;4_4&#8243;][et_pb_text admin_label=&#8221;Text&#8221; background_layout=&#8221;light&#8221; text_orientation=&#8221;left&#8221; use_border_color=&#8221;off&#8221; border_color=&#8221;#ffffff&#8221; border_style=&#8221;solid&#8221;] The realm of legends, history, culture and [&hellip;]","og_url":"https:\/\/viziteazatarguneamt.ro\/en\/tourist-paths\/","og_site_name":"Targu Neamt","article_modified_time":"2015-10-09T08:04:43+00:00","twitter_card":"summary_large_image","twitter_misc":{"Est. reading time":"11 minutes"},"schema":{"@context":"https:\/\/schema.org","@graph":[{"@type":"WebPage","@id":"https:\/\/viziteazatarguneamt.ro\/en\/tourist-paths\/","url":"https:\/\/viziteazatarguneamt.ro\/en\/tourist-paths\/","name":"Tourist paths - Targu Neamt","isPartOf":{"@id":"https:\/\/viziteazatarguneamt.ro\/#website"},"datePublished":"2015-10-09T07:26:43+00:00","dateModified":"2015-10-09T08:04:43+00:00","breadcrumb":{"@id":"https:\/\/viziteazatarguneamt.ro\/en\/tourist-paths\/#breadcrumb"},"inLanguage":"en-US","potentialAction":[{"@type":"ReadAction","target":["https:\/\/viziteazatarguneamt.ro\/en\/tourist-paths\/"]}]},{"@type":"BreadcrumbList","@id":"https:\/\/viziteazatarguneamt.ro\/en\/tourist-paths\/#breadcrumb","itemListElement":[{"@type":"ListItem","position":1,"name":"Acas\u0103","item":"https:\/\/viziteazatarguneamt.ro\/en\/"},{"@type":"ListItem","position":2,"name":"Tourist paths"}]},{"@type":"WebSite","@id":"https:\/\/viziteazatarguneamt.ro\/#website","url":"https:\/\/viziteazatarguneamt.ro\/","name":"Targu Neamt","description":"CNIPT","potentialAction":[{"@type":"SearchAction","target":{"@type":"EntryPoint","urlTemplate":"https:\/\/viziteazatarguneamt.ro\/?s={search_term_string}"},"query-input":{"@type":"PropertyValueSpecification","valueRequired":true,"valueName":"search_term_string"}}],"inLanguage":"en-US"}]}},"_links":{"self":[{"href":"https:\/\/viziteazatarguneamt.ro\/en\/wp-json\/wp\/v2\/pages\/1463","targetHints":{"allow":["GET"]}}],"collection":[{"href":"https:\/\/viziteazatarguneamt.ro\/en\/wp-json\/wp\/v2\/pages"}],"about":[{"href":"https:\/\/viziteazatarguneamt.ro\/en\/wp-json\/wp\/v2\/types\/page"}],"author":[{"embeddable":true,"href":"https:\/\/viziteazatarguneamt.ro\/en\/wp-json\/wp\/v2\/users\/1"}],"replies":[{"embeddable":true,"href":"https:\/\/viziteazatarguneamt.ro\/en\/wp-json\/wp\/v2\/comments?post=1463"}],"version-history":[{"count":4,"href":"https:\/\/viziteazatarguneamt.ro\/en\/wp-json\/wp\/v2\/pages\/1463\/revisions"}],"predecessor-version":[{"id":1469,"href":"https:\/\/viziteazatarguneamt.ro\/en\/wp-json\/wp\/v2\/pages\/1463\/revisions\/1469"}],"wp:attachment":[{"href":"https:\/\/viziteazatarguneamt.ro\/en\/wp-json\/wp\/v2\/media?parent=1463"}],"curies":[{"name":"wp","href":"https:\/\/api.w.org\/{rel}","templated":true}]}}